{"id":7061,"date":"2023-10-27T00:52:38","date_gmt":"2023-10-27T00:52:38","guid":{"rendered":"https:\/\/kanileconsulting.com\/?page_id=7061"},"modified":"2023-11-04T00:15:36","modified_gmt":"2023-11-04T00:15:36","slug":"nos-services","status":"publish","type":"page","link":"https:\/\/kanileconsulting.com\/index.php\/nos-services\/","title":{"rendered":"Nos services"},"content":{"rendered":"\t\t<div data-elementor-type=\"wp-page\" data-elementor-id=\"7061\" class=\"elementor elementor-7061\">\n\t\t\t\t\t\t\t<div class=\"elementor-element elementor-element-8ec97b8 e-flex e-con-boxed e-con e-parent\" data-id=\"8ec97b8\" data-element_type=\"container\" data-settings=\"{&quot;content_width&quot;:&quot;boxed&quot;}\" data-core-v316-plus=\"true\">\n\t\t\t\t\t<div class=\"e-con-inner\">\n\t\t\t\t<div class=\"elementor-element elementor-element-eeaf383 elementor-widget__width-initial elementor-widget elementor-widget-ct_service_grid\" data-id=\"eeaf383\" data-element_type=\"widget\" data-widget_type=\"ct_service_grid.default\">\n\t\t\t\t<div class=\"elementor-widget-container\">\n\t\t\t\r\n<div id=\"ct_service_grid-eeaf383\" class=\"ct-grid ct-service-grid11\" data-layout=\"masonry\" data-start-page=\"1\" data-max-pages=\"1\" data-total=\"6\" data-perpage=\"6\" data-next-link=\"\">\r\n    <div class=\"ct-grid-overlay\"><\/div>\r\n    \r\n    <div class=\"ct-grid-inner ct-grid-masonry row animate-time\" data-gutter=\"15\">\r\n                    <div class=\"grid-sizer col-xl-4 col-lg-4 col-md-4 col-sm-6 col-12\"><\/div>\r\n                                <div class=\"grid-item col-xl-4 col-lg-4 col-md-4 col-sm-6 col-12 \">\r\n                    <div class=\"grid-item-inner  first-item\">\r\n                                                    <div class=\"item--image-bg\" style=\"background-image: url(https:\/\/kanileconsulting.com\/wp-content\/plugins\/elementor\/assets\/images\/placeholder.png);\"><\/div>\r\n                                                                            <div class=\"item--featured\">\r\n                                <a href=\"https:\/\/kanileconsulting.com\/index.php\/service\/communication-changement-social-comportements\/\"><img decoding=\"async\" class=\"\" src=\"https:\/\/kanileconsulting.com\/wp-content\/uploads\/2020\/03\/s1-540x608.png\" width=\"540\" height=\"608\" alt=\"s1\" title=\"s1\" \/><\/a>\r\n                            <\/div>\r\n                                                <div class=\"item--holder\">\r\n                            <div class=\"item--holder-inner\">\r\n                                                                    <div class=\"item--icon\"><i class=\"text-gradient flaticonv5-online-marketing\"><\/i><\/div>\r\n                                \r\n                                                                                                    <h3 class=\"item--title\"><a href=\"https:\/\/kanileconsulting.com\/index.php\/service\/communication-changement-social-comportements\/\">Communication pour le changement social et de comportements<\/a><\/h3>\r\n                                                                                                    <div class=\"item--desc\">\r\n                                        Nous d\u00e9veloppons des strat\u00e9gies de communication innovantes et adapt\u00e9es aux projets\/programmes...                                    <\/div>\r\n                                                            <\/div>\r\n                        <\/div> \r\n                        <div class=\"item--readmore\">\r\n                            <a href=\"https:\/\/kanileconsulting.com\/index.php\/service\/communication-changement-social-comportements\/\"><span>+<\/span><\/a>\r\n                        <\/div>\r\n                    <\/div>\r\n                <\/div>\r\n                            <div class=\"grid-item col-xl-4 col-lg-4 col-md-4 col-sm-6 col-12 \">\r\n                    <div class=\"grid-item-inner \">\r\n                                                    <div class=\"item--image-bg\" style=\"background-image: url(https:\/\/kanileconsulting.com\/wp-content\/plugins\/elementor\/assets\/images\/placeholder.png);\"><\/div>\r\n                                                                            <div class=\"item--featured\">\r\n                                <a href=\"https:\/\/kanileconsulting.com\/index.php\/service\/communication-strategie-conseil\/\"><img decoding=\"async\" class=\"\" src=\"https:\/\/kanileconsulting.com\/wp-content\/uploads\/2020\/03\/s3-540x608.png\" width=\"540\" height=\"608\" alt=\"s3\" title=\"s3\" \/><\/a>\r\n                            <\/div>\r\n                                                <div class=\"item--holder\">\r\n                            <div class=\"item--holder-inner\">\r\n                                                                    <div class=\"item--icon\"><i class=\"text-gradient flaticon-leadership\"><\/i><\/div>\r\n                                \r\n                                                                                                    <h3 class=\"item--title\"><a href=\"https:\/\/kanileconsulting.com\/index.php\/service\/communication-strategie-conseil\/\">Communication Institutionnelle<\/a><\/h3>\r\n                                                                                                    <div class=\"item--desc\">\r\n                                        Nous d\u00e9veloppons des strat\u00e9gies de communication innovantes et adapt\u00e9es aux projets\/programmes pour renforcer votre impact sur les communaut\u00e9s...                                    <\/div>\r\n                                                            <\/div>\r\n                        <\/div> \r\n                        <div class=\"item--readmore\">\r\n                            <a href=\"https:\/\/kanileconsulting.com\/index.php\/service\/communication-strategie-conseil\/\"><span>+<\/span><\/a>\r\n                        <\/div>\r\n                    <\/div>\r\n                <\/div>\r\n                            <div class=\"grid-item col-xl-4 col-lg-4 col-md-4 col-sm-6 col-12 \">\r\n                    <div class=\"grid-item-inner \">\r\n                                                    <div class=\"item--image-bg\" style=\"background-image: url(https:\/\/kanileconsulting.com\/wp-content\/plugins\/elementor\/assets\/images\/placeholder.png);\"><\/div>\r\n                                                                            <div class=\"item--featured\">\r\n                                <a href=\"https:\/\/kanileconsulting.com\/index.php\/service\/communication-digitale\/\"><img decoding=\"async\" class=\"\" src=\"https:\/\/kanileconsulting.com\/wp-content\/uploads\/2020\/03\/s2-540x608.png\" width=\"540\" height=\"608\" alt=\"s2\" title=\"s2\" \/><\/a>\r\n                            <\/div>\r\n                                                <div class=\"item--holder\">\r\n                            <div class=\"item--holder-inner\">\r\n                                                                    <div class=\"item--icon\"><i class=\"text-gradient flaticon-chart\"><\/i><\/div>\r\n                                \r\n                                                                                                    <h3 class=\"item--title\"><a href=\"https:\/\/kanileconsulting.com\/index.php\/service\/communication-digitale\/\">Communication digitale<\/a><\/h3>\r\n                                                                                                    <div class=\"item--desc\">\r\n                                        La communication digitale est de nos jours incontournable dans les strat\u00e9gies de communication pour le D\u00e9veloppons. Ainsi, nous\u2026                                    <\/div>\r\n                                                            <\/div>\r\n                        <\/div> \r\n                        <div class=\"item--readmore\">\r\n                            <a href=\"https:\/\/kanileconsulting.com\/index.php\/service\/communication-digitale\/\"><span>+<\/span><\/a>\r\n                        <\/div>\r\n                    <\/div>\r\n                <\/div>\r\n                            <div class=\"grid-item col-xl-4 col-lg-4 col-md-4 col-sm-6 col-12 \">\r\n                    <div class=\"grid-item-inner \">\r\n                                                    <div class=\"item--image-bg\" style=\"background-image: url(https:\/\/kanileconsulting.com\/wp-content\/plugins\/elementor\/assets\/images\/placeholder.png);\"><\/div>\r\n                                                                            <div class=\"item--featured\">\r\n                                <a href=\"https:\/\/kanileconsulting.com\/index.php\/service\/campagne-et-plaidoyer\/\"><img decoding=\"async\" class=\"\" src=\"https:\/\/kanileconsulting.com\/wp-content\/uploads\/2023\/10\/Image-campagne-540x607.jpeg\" width=\"540\" height=\"607\" alt=\"Image campagne\" title=\"Image campagne\" \/><\/a>\r\n                            <\/div>\r\n                                                <div class=\"item--holder\">\r\n                            <div class=\"item--holder-inner\">\r\n                                                                    <div class=\"item--icon\"><i class=\"text-gradient flaticon-strategy\"><\/i><\/div>\r\n                                \r\n                                                                                                    <h3 class=\"item--title\"><a href=\"https:\/\/kanileconsulting.com\/index.php\/service\/campagne-et-plaidoyer\/\">Campagnes et Plaidoyer<\/a><\/h3>\r\n                                                                                                    <div class=\"item--desc\">\r\n                                        Vous \u00eates un projet\/ programme ou une organisation non gouvernementale et vous cherchez \u00e0 d\u00e9rouler une campagne ...                                    <\/div>\r\n                                                            <\/div>\r\n                        <\/div> \r\n                        <div class=\"item--readmore\">\r\n                            <a href=\"https:\/\/kanileconsulting.com\/index.php\/service\/campagne-et-plaidoyer\/\"><span>+<\/span><\/a>\r\n                        <\/div>\r\n                    <\/div>\r\n                <\/div>\r\n                            <div class=\"grid-item col-xl-4 col-lg-4 col-md-4 col-sm-6 col-12 \">\r\n                    <div class=\"grid-item-inner \">\r\n                                                    <div class=\"item--image-bg\" style=\"background-image: url(https:\/\/kanileconsulting.com\/wp-content\/plugins\/elementor\/assets\/images\/placeholder.png);\"><\/div>\r\n                                                                            <div class=\"item--featured\">\r\n                                <a href=\"https:\/\/kanileconsulting.com\/index.php\/service\/production-audio-visuelle\/\"><img decoding=\"async\" class=\"\" src=\"https:\/\/kanileconsulting.com\/wp-content\/uploads\/2023\/10\/DSC_0243-scaled-540x720.jpg\" width=\"540\" height=\"720\" alt=\"DSC_0243\" title=\"DSC_0243\" \/><\/a>\r\n                            <\/div>\r\n                                                <div class=\"item--holder\">\r\n                            <div class=\"item--holder-inner\">\r\n                                                                    <div class=\"item--icon\"><i class=\"text-gradient flaticonv5-business-presentation\"><\/i><\/div>\r\n                                \r\n                                                                                                    <h3 class=\"item--title\"><a href=\"https:\/\/kanileconsulting.com\/index.php\/service\/production-audio-visuelle\/\">Production audiovisuelle<\/a><\/h3>\r\n                                                                                                    <div class=\"item--desc\">\r\n                                        Vous \u00eates un projet\/programme, structure Etatique et vous voulez documenter et capitaliser vos interventions, KANILE CONSULTING vous accompagne\u2026                                    <\/div>\r\n                                                            <\/div>\r\n                        <\/div> \r\n                        <div class=\"item--readmore\">\r\n                            <a href=\"https:\/\/kanileconsulting.com\/index.php\/service\/production-audio-visuelle\/\"><span>+<\/span><\/a>\r\n                        <\/div>\r\n                    <\/div>\r\n                <\/div>\r\n                            <div class=\"grid-item col-xl-4 col-lg-4 col-md-4 col-sm-6 col-12 \">\r\n                    <div class=\"grid-item-inner \">\r\n                                                    <div class=\"item--image-bg\" style=\"background-image: url(https:\/\/kanileconsulting.com\/wp-content\/plugins\/elementor\/assets\/images\/placeholder.png);\"><\/div>\r\n                                                                            <div class=\"item--featured\">\r\n                                <a href=\"https:\/\/kanileconsulting.com\/index.php\/service\/evenementiel\/\"><img decoding=\"async\" class=\"\" src=\"https:\/\/kanileconsulting.com\/wp-content\/uploads\/2023\/10\/IMG-20210408-WA0039-540x567.jpg\" width=\"540\" height=\"567\" alt=\"IMG-20210408-WA0039\" title=\"IMG-20210408-WA0039\" \/><\/a>\r\n                            <\/div>\r\n                                                <div class=\"item--holder\">\r\n                            <div class=\"item--holder-inner\">\r\n                                                                    <div class=\"item--icon\"><i class=\"text-gradient flaticonv5-networking-1\"><\/i><\/div>\r\n                                \r\n                                                                                                    <h3 class=\"item--title\"><a href=\"https:\/\/kanileconsulting.com\/index.php\/service\/evenementiel\/\">\u00c9v\u00e8nementiel<\/a><\/h3>\r\n                                                                                                    <div class=\"item--desc\">\r\n                                        Vous \u00eates un projet\/programme, structure Etatique et vous voulez documenter et capitaliser vos interventions, KANILE CONSULTING vous accompagne\u2026                                    <\/div>\r\n                                                            <\/div>\r\n                        <\/div> \r\n                        <div class=\"item--readmore\">\r\n                            <a href=\"https:\/\/kanileconsulting.com\/index.php\/service\/evenementiel\/\"><span>+<\/span><\/a>\r\n                        <\/div>\r\n                    <\/div>\r\n                <\/div>\r\n                <\/div>\r\n            <div class=\"ct-grid-pagination\" data-loadmore=\"{&quot;posttype&quot;:&quot;service&quot;,&quot;startPage&quot;:1,&quot;maxPages&quot;:1,&quot;total&quot;:6,&quot;perpage&quot;:6,&quot;nextLink&quot;:&quot;&quot;,&quot;source&quot;:[&quot;campagne|service-category&quot;,&quot;communication|service-category&quot;,&quot;evenementiel|service-category&quot;,&quot;productions|service-category&quot;],&quot;orderby&quot;:&quot;date&quot;,&quot;order&quot;:&quot;desc&quot;,&quot;limit&quot;:6,&quot;post_ids&quot;:&quot;&quot;,&quot;col_xl&quot;:4,&quot;col_lg&quot;:4,&quot;col_md&quot;:4,&quot;col_sm&quot;:6,&quot;col_xs&quot;:12,&quot;thumbnail_size&quot;:&quot;custom&quot;,&quot;thumbnail_custom_dimension&quot;:{&quot;width&quot;:&quot;540&quot;,&quot;height&quot;:&quot;720&quot;},&quot;pagination_type&quot;:&quot;pagination&quot;,&quot;show_title&quot;:&quot;true&quot;,&quot;show_excerpt&quot;:&quot;true&quot;,&quot;num_words&quot;:18,&quot;show_button&quot;:&quot;true&quot;,&quot;button_text&quot;:&quot;Lire plus&quot;,&quot;el_title&quot;:&quot;&quot;,&quot;el_link&quot;:{&quot;url&quot;:&quot;#&quot;,&quot;is_external&quot;:&quot;&quot;,&quot;nofollow&quot;:&quot;&quot;,&quot;custom_attributes&quot;:&quot;&quot;},&quot;ct_animate&quot;:&quot;&quot;,&quot;item_image&quot;:{&quot;url&quot;:&quot;https:\\\/\\\/kanileconsulting.com\\\/wp-content\\\/plugins\\\/elementor\\\/assets\\\/images\\\/placeholder.png&quot;,&quot;id&quot;:&quot;&quot;,&quot;size&quot;:&quot;&quot;},&quot;template_type&quot;:&quot;service_layout11&quot;,&quot;tax&quot;:[]}\" data-query=\"{&quot;post_type&quot;:&quot;service&quot;,&quot;posts_per_page&quot;:6,&quot;order&quot;:&quot;desc&quot;,&quot;orderby&quot;:&quot;date&quot;,&quot;tax_query&quot;:{&quot;relation&quot;:&quot;OR&quot;,&quot;0&quot;:{&quot;taxonomy&quot;:&quot;service-category&quot;,&quot;field&quot;:&quot;slug&quot;,&quot;operator&quot;:&quot;IN&quot;,&quot;terms&quot;:[&quot;campagne&quot;]},&quot;1&quot;:{&quot;taxonomy&quot;:&quot;service-category&quot;,&quot;field&quot;:&quot;slug&quot;,&quot;operator&quot;:&quot;IN&quot;,&quot;terms&quot;:[&quot;communication&quot;]},&quot;2&quot;:{&quot;taxonomy&quot;:&quot;service-category&quot;,&quot;field&quot;:&quot;slug&quot;,&quot;operator&quot;:&quot;IN&quot;,&quot;terms&quot;:[&quot;evenementiel&quot;]},&quot;3&quot;:{&quot;taxonomy&quot;:&quot;service-category&quot;,&quot;field&quot;:&quot;slug&quot;,&quot;operator&quot;:&quot;IN&quot;,&quot;terms&quot;:[&quot;productions&quot;]}},&quot;post__not_in&quot;:[7061]}\">\r\n                    <\/div>\r\n        <\/div>\t\t<\/div>\n\t\t\t\t<\/div>\n\t\t\t\t\t<\/div>\n\t\t\t\t<\/div>\n\t\t<div class=\"elementor-element elementor-element-55c2206 e-flex e-con-boxed e-con e-parent\" data-id=\"55c2206\" data-element_type=\"container\" data-settings=\"{&quot;content_width&quot;:&quot;boxed&quot;}\" data-core-v316-plus=\"true\">\n\t\t\t\t\t<div class=\"e-con-inner\">\n\t\t\t\t\t<\/div>\n\t\t\t\t<\/div>\n\t\t\t\t\t\t\t<\/div>\n\t\t","protected":false},"excerpt":{"rendered":"<p>Communication pour le changement social et de comportements Nous d\u00e9veloppons des strat\u00e9gies de communication innovantes et adapt\u00e9es aux projets\/programmes&#8230; + Communication Institutionnelle et Strat\u00e9gique Nous d\u00e9veloppons des strat\u00e9gies de communication innovantes et adapt\u00e9es aux projets\/programmes pour renforcer votre impact sur les communaut\u00e9s&#8230; + Campagnes et Plaidoyer Vous \u00eates un projet\/ programme ou une organisation non [&hellip;]<\/p>\n","protected":false},"author":1,"featured_media":0,"parent":0,"menu_order":0,"comment_status":"closed","ping_status":"closed","template":"","meta":{"footnotes":""},"_links":{"self":[{"href":"https:\/\/kanileconsulting.com\/index.php\/wp-json\/wp\/v2\/pages\/7061"}],"collection":[{"href":"https:\/\/kanileconsulting.com\/index.php\/wp-json\/wp\/v2\/pages"}],"about":[{"href":"https:\/\/kanileconsulting.com\/index.php\/wp-json\/wp\/v2\/types\/page"}],"author":[{"embeddable":true,"href":"https:\/\/kanileconsulting.com\/index.php\/wp-json\/wp\/v2\/users\/1"}],"replies":[{"embeddable":true,"href":"https:\/\/kanileconsulting.com\/index.php\/wp-json\/wp\/v2\/comments?post=7061"}],"version-history":[{"count":49,"href":"https:\/\/kanileconsulting.com\/index.php\/wp-json\/wp\/v2\/pages\/7061\/revisions"}],"predecessor-version":[{"id":7249,"href":"https:\/\/kanileconsulting.com\/index.php\/wp-json\/wp\/v2\/pages\/7061\/revisions\/7249"}],"wp:attachment":[{"href":"https:\/\/kanileconsulting.com\/index.php\/wp-json\/wp\/v2\/media?parent=7061"}],"curies":[{"name":"wp","href":"https:\/\/api.w.org\/{rel}","templated":true}]}}